{"id":13,"date":"2013-01-29T12:21:43","date_gmt":"2013-01-29T10:21:43","guid":{"rendered":"http:\/\/kunden.my-kimpo.com\/contrada\/?page_id=13"},"modified":"2025-06-29T21:38:23","modified_gmt":"2025-06-29T19:38:23","slug":"locations","status":"publish","type":"page","link":"https:\/\/www.contradapartners.com\/en\/locations\/","title":{"rendered":"Locations"},"content":{"rendered":"<p style=\"text-align: center;\"><a href=\"https:\/\/www.contradapartners.com\/en\/wp-content\/uploads\/2017\/04\/cp_jena_humboldt.jpg\" rel=\"attachment wp-att-663\"><img decoding=\"async\" loading=\"lazy\" class=\"aligncenter wp-image-663\" src=\"https:\/\/www.contradapartners.com\/en\/wp-content\/uploads\/2017\/04\/cp_jena_humboldt.jpg\" alt=\"cp_jena_humboldt\" width=\"485\" height=\"300\" srcset=\"https:\/\/www.contradapartners.com\/en\/wp-content\/uploads\/2017\/04\/cp_jena_humboldt.jpg 449w, https:\/\/www.contradapartners.com\/en\/wp-content\/uploads\/2017\/04\/cp_jena_humboldt-300x186.jpg 300w\" sizes=\"(max-width: 485px) 100vw, 485px\" \/><\/a><\/p>\n<h4 style=\"text-align: left;\"><span style=\"color: #003366;\">\u00a0<\/span><\/h4>\n<table border=\"0\" width=\"100%\" cellspacing=\"10\" cellpadding=\"0\">\n<tbody>\n<tr>\n<td valign=\"top\" width=\"20%\">\n<h3><b>Jena:<\/b><\/h3>\n<p>Contrada Partners GmbH<br \/>\nWilhelm-Raabe-Weg 22<br \/>\n07751 Jena<\/td>\n<td valign=\"top\" width=\"20%\">\n<h3>M\u00fcnchen:<\/h3>\n<p>Kurf\u00fcrstenstra\u00dfe 6<br \/>\n80799 M\u00fcnchen<\/td>\n<td valign=\"top\" width=\"20%\">\n<h3>Hamburg:<\/h3>\n<p>Fasanenweg 8a<br \/>\n21521 Aum\u00fchle<\/td>\n<td valign=\"top\" width=\"20%\">\n<h3><b>Coto de Caza (USA):<\/b><\/h3>\n<p>23832 Via Monte<br \/>\nCoto de Caza, CA 92679-4001<br \/>\nUSA<\/td>\n<\/tr>\n<\/tbody>\n<\/table>\n<h4 style=\"text-align: left;\"><span style=\"color: #003366;\">\u00a0<\/span><\/h4>\n<table border=\"0\" width=\"100%\" cellspacing=\"10\" cellpadding=\"0\">\n<tbody>\n<tr>\n<td valign=\"top\" width=\"20%\"><\/td>\n<td valign=\"top\" width=\"20%\"><\/td>\n<td valign=\"top\" width=\"20%\"><\/td>\n<td valign=\"top\" width=\"20%\"><\/td>\n<\/tr>\n<\/tbody>\n<\/table>\n","protected":false},"excerpt":{"rendered":"<p>\u00a0 Jena: Contrada Partners GmbH Wilhelm-Raabe-Weg 22 07751 Jena M\u00fcnchen: Kurf\u00fcrstenstra\u00dfe 6 80799 M\u00fcnchen Hamburg: Fasanenweg 8a 21521 Aum\u00fchle Coto de Caza (USA): 23832 Via Monte Coto de Caza, CA 92679-4001 USA \u00a0<\/p>\n","protected":false},"author":1,"featured_media":0,"parent":0,"menu_order":0,"comment_status":"open","ping_status":"open","template":"template-fullwidth.php","meta":[],"_links":{"self":[{"href":"https:\/\/www.contradapartners.com\/en\/wp-json\/wp\/v2\/pages\/13"}],"collection":[{"href":"https:\/\/www.contradapartners.com\/en\/wp-json\/wp\/v2\/pages"}],"about":[{"href":"https:\/\/www.contradapartners.com\/en\/wp-json\/wp\/v2\/types\/page"}],"author":[{"embeddable":true,"href":"https:\/\/www.contradapartners.com\/en\/wp-json\/wp\/v2\/users\/1"}],"replies":[{"embeddable":true,"href":"https:\/\/www.contradapartners.com\/en\/wp-json\/wp\/v2\/comments?post=13"}],"version-history":[{"count":16,"href":"https:\/\/www.contradapartners.com\/en\/wp-json\/wp\/v2\/pages\/13\/revisions"}],"predecessor-version":[{"id":822,"href":"https:\/\/www.contradapartners.com\/en\/wp-json\/wp\/v2\/pages\/13\/revisions\/822"}],"wp:attachment":[{"href":"https:\/\/www.contradapartners.com\/en\/wp-json\/wp\/v2\/media?parent=13"}],"curies":[{"name":"wp","href":"https:\/\/api.w.org\/{rel}","templated":true}]}}