{"id":6,"date":"2013-01-29T12:18:58","date_gmt":"2013-01-29T10:18:58","guid":{"rendered":"http:\/\/kunden.my-kimpo.com\/contrada\/?page_id=6"},"modified":"2025-06-29T21:42:58","modified_gmt":"2025-06-29T19:42:58","slug":"kontakt","status":"publish","type":"page","link":"https:\/\/www.contradapartners.com\/en\/kontakt\/","title":{"rendered":"Contact"},"content":{"rendered":"<table border=\"0\" width=\"100%\" cellspacing=\"0\" cellpadding=\"10\">\n<tbody>\n<tr>\n<td scope=\"col\" align=\"left\" valign=\"top\" width=\"50%\">\n<h3>Contrada Partners GmbH<\/h3>\n<h3>Jena:<\/h3>\n<p>Wilhelm-Raabe-Weg 22<br \/>\n07751 Jena<\/p>\n<p>Tel: +49 3641 227 415<br \/>\nFax: +49 3641 227 512<br \/>\nE-Mail: info[a]contradapartners.com<\/p>\n<p>&nbsp;<\/p>\n<h3><\/h3>\n<h3>M\u00fcnchen:<\/h3>\n<p>Kurf\u00fcrstenstra\u00dfe 6<br \/>\n80799 M\u00fcnchen<\/p>\n<p>Tel: +49 89 38092237<br \/>\nMobil: +49 176 20489832<br \/>\nE-Mail:\u00a0info[a]contradapartners.com<\/p>\n<p>&nbsp;<\/p>\n<p>&nbsp;<\/td>\n<td scope=\"col\" align=\"left\" valign=\"top\" width=\"50%\">\n<h3><\/h3>\n<h3><\/h3>\n<h3>Hamburg:<\/h3>\n<p>Fasanenweg 8a<br \/>\n21521 Aum\u00fchle<\/p>\n<p>Tel: +49 4104 6993212<br \/>\nMobil: +49 160 92586639<br \/>\nE-Mail:\u00a0volker.marks[a]contradapartners.com<\/p>\n<p>&nbsp;<\/p>\n<h3>USA:<\/h3>\n<p>23832 Via Monte<br \/>\nCoto de Caza, CA 92679-4001<\/p>\n<p>Tel:\u00a0+1 949 589-6259<br \/>\nMobil:\u00a0+1 949 292-8477<br \/>\nE-Mail:\u00a0bill.kelley[a]contradapartners.net<\/td>\n<\/tr>\n<\/tbody>\n<\/table>\n<p>&nbsp;<\/p>\n","protected":false},"excerpt":{"rendered":"<p>Contrada Partners GmbH Jena: Wilhelm-Raabe-Weg 22 07751 Jena Tel: +49 3641 227 415 Fax: +49 3641 227 512 E-Mail: info[a]contradapartners.com &nbsp; M\u00fcnchen: Kurf\u00fcrstenstra\u00dfe 6 80799 M\u00fcnchen Tel: +49 89 38092237 Mobil: +49 176 20489832 E-Mail:\u00a0info[a]contradapartners.com &nbsp; &nbsp; Hamburg: Fasanenweg 8a 21521 Aum\u00fchle Tel: +49 4104 6993212 Mobil: +49 160 92586639 E-Mail:\u00a0volker.marks[a]contradapartners.com &nbsp; USA: 23832 Via [&hellip;]<\/p>\n","protected":false},"author":1,"featured_media":773,"parent":0,"menu_order":0,"comment_status":"closed","ping_status":"closed","template":"template-fullwidth.php","meta":[],"_links":{"self":[{"href":"https:\/\/www.contradapartners.com\/en\/wp-json\/wp\/v2\/pages\/6"}],"collection":[{"href":"https:\/\/www.contradapartners.com\/en\/wp-json\/wp\/v2\/pages"}],"about":[{"href":"https:\/\/www.contradapartners.com\/en\/wp-json\/wp\/v2\/types\/page"}],"author":[{"embeddable":true,"href":"https:\/\/www.contradapartners.com\/en\/wp-json\/wp\/v2\/users\/1"}],"replies":[{"embeddable":true,"href":"https:\/\/www.contradapartners.com\/en\/wp-json\/wp\/v2\/comments?post=6"}],"version-history":[{"count":14,"href":"https:\/\/www.contradapartners.com\/en\/wp-json\/wp\/v2\/pages\/6\/revisions"}],"predecessor-version":[{"id":823,"href":"https:\/\/www.contradapartners.com\/en\/wp-json\/wp\/v2\/pages\/6\/revisions\/823"}],"wp:featuredmedia":[{"embeddable":true,"href":"https:\/\/www.contradapartners.com\/en\/wp-json\/wp\/v2\/media\/773"}],"wp:attachment":[{"href":"https:\/\/www.contradapartners.com\/en\/wp-json\/wp\/v2\/media?parent=6"}],"curies":[{"name":"wp","href":"https:\/\/api.w.org\/{rel}","templated":true}]}}